{"id":8010,"date":"2025-07-03T09:45:10","date_gmt":"2025-07-03T09:45:10","guid":{"rendered":"https:\/\/avselectronics.sviluppo.spherica.it\/news\/"},"modified":"2026-02-19T10:46:15","modified_gmt":"2026-02-19T10:46:15","slug":"news","status":"publish","type":"page","link":"https:\/\/www.avselectronics.com\/de\/facherrichter-bereich\/news\/","title":{"rendered":"News"},"content":{"rendered":"\t\t<div data-elementor-type=\"wp-page\" data-elementor-id=\"8010\" class=\"elementor elementor-8010 elementor-58\" data-elementor-post-type=\"page\">\n\t\t\t\t<div class=\"elementor-element elementor-element-1bd4d0b e-flex e-con-boxed e-con e-parent\" data-id=\"1bd4d0b\" data-element_type=\"container\" data-e-type=\"container\">\n\t\t\t\t\t<div class=\"e-con-inner\">\n\t\t\t\t<div class=\"elementor-element elementor-element-050464c elementor-widget elementor-widget-heading\" data-id=\"050464c\" data-element_type=\"widget\" data-e-type=\"widget\" data-widget_type=\"heading.default\">\n\t\t\t\t\t<h2 class=\"elementor-heading-title elementor-size-default\">News f\u00fcr AVS-Facherrichter<\/h2>\t\t\t\t<\/div>\n\t\t\t\t<div class=\"elementor-element elementor-element-575fa32 elementor-widget elementor-widget-text-editor\" data-id=\"575fa32\" data-element_type=\"widget\" data-e-type=\"widget\" data-widget_type=\"text-editor.default\">\n\t\t\t\t\t\t\t\t\t<p>Hier finden Sie Updates, Produktneuheiten, Software-Ver\u00f6ffentlichungen sowie Integrationen und technische Mitteilungen speziell f\u00fcr AVS-Facherrichter.<\/p><p>Ein Bereich, der Sie \u00fcber Plattformentwicklungen, neue Funktionen und n\u00fctzliche M\u00f6glichkeiten f\u00fcr Ihre t\u00e4gliche Arbeit informiert.<\/p>\t\t\t\t\t\t\t\t<\/div>\n\t\t\t\t\t<\/div>\n\t\t\t\t<\/div>\n\t\t\t\t<\/div>\n\t\t","protected":false},"excerpt":{"rendered":"<p>News f\u00fcr AVS-Facherrichter Hier finden Sie Updates, Produktneuheiten, Software-Ver\u00f6ffentlichungen sowie Integrationen und technische Mitteilungen speziell f\u00fcr AVS-Facherrichter. Ein Bereich, der Sie \u00fcber Plattformentwicklungen, neue Funktionen und n\u00fctzliche M\u00f6glichkeiten f\u00fcr Ihre t\u00e4gliche Arbeit informiert.<\/p>\n","protected":false},"author":1,"featured_media":1302,"parent":8094,"menu_order":0,"comment_status":"closed","ping_status":"closed","template":"elementor_header_footer","meta":{"_acf_changed":false,"footnotes":""},"class_list":["post-8010","page","type-page","status-publish","has-post-thumbnail","hentry"],"acf":[],"yoast_head":"<!-- This site is optimized with the Yoast SEO plugin v27.1.1 - https:\/\/yoast.com\/product\/yoast-seo-wordpress\/ -->\n<title>News - AVS Electronics<\/title>\n<meta name=\"robots\" content=\"index, follow, max-snippet:-1, max-image-preview:large, max-video-preview:-1\" \/>\n<link rel=\"canonical\" href=\"https:\/\/www.avselectronics.com\/de\/facherrichter-bereich\/news\/\" \/>\n<meta property=\"og:locale\" content=\"de_DE\" \/>\n<meta property=\"og:type\" content=\"article\" \/>\n<meta property=\"og:title\" content=\"News - AVS Electronics\" \/>\n<meta property=\"og:description\" content=\"News f\u00fcr AVS-Facherrichter Hier finden Sie Updates, Produktneuheiten, Software-Ver\u00f6ffentlichungen sowie Integrationen und technische Mitteilungen speziell f\u00fcr AVS-Facherrichter. Ein Bereich, der Sie \u00fcber Plattformentwicklungen, neue Funktionen und n\u00fctzliche M\u00f6glichkeiten f\u00fcr Ihre t\u00e4gliche Arbeit informiert.\" \/>\n<meta property=\"og:url\" content=\"https:\/\/www.avselectronics.com\/de\/facherrichter-bereich\/news\/\" \/>\n<meta property=\"og:site_name\" content=\"AVS Electronics\" \/>\n<meta property=\"article:modified_time\" content=\"2026-02-19T10:46:15+00:00\" \/>\n<meta property=\"og:image\" content=\"https:\/\/www.avselectronics.com\/wp-content\/uploads\/2025\/07\/noimage-760x460-1.png\" \/>\n\t<meta property=\"og:image:width\" content=\"760\" \/>\n\t<meta property=\"og:image:height\" content=\"460\" \/>\n\t<meta property=\"og:image:type\" content=\"image\/png\" \/>\n<meta name=\"twitter:card\" content=\"summary_large_image\" \/>\n<meta name=\"twitter:label1\" content=\"Gesch\u00e4tzte Lesezeit\" \/>\n\t<meta name=\"twitter:data1\" content=\"6\u00a0Minuten\" \/>\n<script type=\"application\/ld+json\" class=\"yoast-schema-graph\">{\"@context\":\"https:\/\/schema.org\",\"@graph\":[{\"@type\":\"WebPage\",\"@id\":\"https:\/\/www.avselectronics.com\/de\/facherrichter-bereich\/news\/\",\"url\":\"https:\/\/www.avselectronics.com\/de\/facherrichter-bereich\/news\/\",\"name\":\"News - AVS Electronics\",\"isPartOf\":{\"@id\":\"https:\/\/www.avselectronics.com\/de\/#website\"},\"primaryImageOfPage\":{\"@id\":\"https:\/\/www.avselectronics.com\/de\/facherrichter-bereich\/news\/#primaryimage\"},\"image\":{\"@id\":\"https:\/\/www.avselectronics.com\/de\/facherrichter-bereich\/news\/#primaryimage\"},\"thumbnailUrl\":\"https:\/\/www.avselectronics.com\/wp-content\/uploads\/2025\/07\/noimage-760x460-1.png\",\"datePublished\":\"2025-07-03T09:45:10+00:00\",\"dateModified\":\"2026-02-19T10:46:15+00:00\",\"breadcrumb\":{\"@id\":\"https:\/\/www.avselectronics.com\/de\/facherrichter-bereich\/news\/#breadcrumb\"},\"inLanguage\":\"de\",\"potentialAction\":[{\"@type\":\"ReadAction\",\"target\":[\"https:\/\/www.avselectronics.com\/de\/facherrichter-bereich\/news\/\"]}]},{\"@type\":\"ImageObject\",\"inLanguage\":\"de\",\"@id\":\"https:\/\/www.avselectronics.com\/de\/facherrichter-bereich\/news\/#primaryimage\",\"url\":\"https:\/\/www.avselectronics.com\/wp-content\/uploads\/2025\/07\/noimage-760x460-1.png\",\"contentUrl\":\"https:\/\/www.avselectronics.com\/wp-content\/uploads\/2025\/07\/noimage-760x460-1.png\",\"width\":760,\"height\":460},{\"@type\":\"BreadcrumbList\",\"@id\":\"https:\/\/www.avselectronics.com\/de\/facherrichter-bereich\/news\/#breadcrumb\",\"itemListElement\":[{\"@type\":\"ListItem\",\"position\":1,\"name\":\"\",\"item\":\"https:\/\/www.avselectronics.com\/de\/\"},{\"@type\":\"ListItem\",\"position\":2,\"name\":\"Facherrichter-Bereich\",\"item\":\"https:\/\/www.avselectronics.com\/de\/area-installatore\/\"},{\"@type\":\"ListItem\",\"position\":3,\"name\":\"News\"}]},{\"@type\":\"WebSite\",\"@id\":\"https:\/\/www.avselectronics.com\/de\/#website\",\"url\":\"https:\/\/www.avselectronics.com\/de\/\",\"name\":\"AVS Electronics\",\"description\":\"Sicuri e protetti. Sempre.\",\"publisher\":{\"@id\":\"https:\/\/www.avselectronics.com\/de\/#organization\"},\"potentialAction\":[{\"@type\":\"SearchAction\",\"target\":{\"@type\":\"EntryPoint\",\"urlTemplate\":\"https:\/\/www.avselectronics.com\/de\/?s={search_term_string}\"},\"query-input\":{\"@type\":\"PropertyValueSpecification\",\"valueRequired\":true,\"valueName\":\"search_term_string\"}}],\"inLanguage\":\"de\"},{\"@type\":\"Organization\",\"@id\":\"https:\/\/www.avselectronics.com\/de\/#organization\",\"name\":\"AVS Electronics\",\"url\":\"https:\/\/www.avselectronics.com\/de\/\",\"logo\":{\"@type\":\"ImageObject\",\"inLanguage\":\"de\",\"@id\":\"https:\/\/www.avselectronics.com\/de\/#\/schema\/logo\/image\/\",\"url\":\"https:\/\/www.avselectronics.com\/wp-content\/uploads\/2025\/08\/AVS_logo.png\",\"contentUrl\":\"https:\/\/www.avselectronics.com\/wp-content\/uploads\/2025\/08\/AVS_logo.png\",\"width\":381,\"height\":179,\"caption\":\"AVS Electronics\"},\"image\":{\"@id\":\"https:\/\/www.avselectronics.com\/de\/#\/schema\/logo\/image\/\"}}]}<\/script>\n<!-- \/ Yoast SEO plugin. -->","yoast_head_json":{"title":"News - AVS Electronics","robots":{"index":"index","follow":"follow","max-snippet":"max-snippet:-1","max-image-preview":"max-image-preview:large","max-video-preview":"max-video-preview:-1"},"canonical":"https:\/\/www.avselectronics.com\/de\/facherrichter-bereich\/news\/","og_locale":"de_DE","og_type":"article","og_title":"News - AVS Electronics","og_description":"News f\u00fcr AVS-Facherrichter Hier finden Sie Updates, Produktneuheiten, Software-Ver\u00f6ffentlichungen sowie Integrationen und technische Mitteilungen speziell f\u00fcr AVS-Facherrichter. Ein Bereich, der Sie \u00fcber Plattformentwicklungen, neue Funktionen und n\u00fctzliche M\u00f6glichkeiten f\u00fcr Ihre t\u00e4gliche Arbeit informiert.","og_url":"https:\/\/www.avselectronics.com\/de\/facherrichter-bereich\/news\/","og_site_name":"AVS Electronics","article_modified_time":"2026-02-19T10:46:15+00:00","og_image":[{"width":760,"height":460,"url":"https:\/\/www.avselectronics.com\/wp-content\/uploads\/2025\/07\/noimage-760x460-1.png","type":"image\/png"}],"twitter_card":"summary_large_image","twitter_misc":{"Gesch\u00e4tzte Lesezeit":"6\u00a0Minuten"},"schema":{"@context":"https:\/\/schema.org","@graph":[{"@type":"WebPage","@id":"https:\/\/www.avselectronics.com\/de\/facherrichter-bereich\/news\/","url":"https:\/\/www.avselectronics.com\/de\/facherrichter-bereich\/news\/","name":"News - AVS Electronics","isPartOf":{"@id":"https:\/\/www.avselectronics.com\/de\/#website"},"primaryImageOfPage":{"@id":"https:\/\/www.avselectronics.com\/de\/facherrichter-bereich\/news\/#primaryimage"},"image":{"@id":"https:\/\/www.avselectronics.com\/de\/facherrichter-bereich\/news\/#primaryimage"},"thumbnailUrl":"https:\/\/www.avselectronics.com\/wp-content\/uploads\/2025\/07\/noimage-760x460-1.png","datePublished":"2025-07-03T09:45:10+00:00","dateModified":"2026-02-19T10:46:15+00:00","breadcrumb":{"@id":"https:\/\/www.avselectronics.com\/de\/facherrichter-bereich\/news\/#breadcrumb"},"inLanguage":"de","potentialAction":[{"@type":"ReadAction","target":["https:\/\/www.avselectronics.com\/de\/facherrichter-bereich\/news\/"]}]},{"@type":"ImageObject","inLanguage":"de","@id":"https:\/\/www.avselectronics.com\/de\/facherrichter-bereich\/news\/#primaryimage","url":"https:\/\/www.avselectronics.com\/wp-content\/uploads\/2025\/07\/noimage-760x460-1.png","contentUrl":"https:\/\/www.avselectronics.com\/wp-content\/uploads\/2025\/07\/noimage-760x460-1.png","width":760,"height":460},{"@type":"BreadcrumbList","@id":"https:\/\/www.avselectronics.com\/de\/facherrichter-bereich\/news\/#breadcrumb","itemListElement":[{"@type":"ListItem","position":1,"name":"","item":"https:\/\/www.avselectronics.com\/de\/"},{"@type":"ListItem","position":2,"name":"Facherrichter-Bereich","item":"https:\/\/www.avselectronics.com\/de\/area-installatore\/"},{"@type":"ListItem","position":3,"name":"News"}]},{"@type":"WebSite","@id":"https:\/\/www.avselectronics.com\/de\/#website","url":"https:\/\/www.avselectronics.com\/de\/","name":"AVS Electronics","description":"Sicuri e protetti. Sempre.","publisher":{"@id":"https:\/\/www.avselectronics.com\/de\/#organization"},"potentialAction":[{"@type":"SearchAction","target":{"@type":"EntryPoint","urlTemplate":"https:\/\/www.avselectronics.com\/de\/?s={search_term_string}"},"query-input":{"@type":"PropertyValueSpecification","valueRequired":true,"valueName":"search_term_string"}}],"inLanguage":"de"},{"@type":"Organization","@id":"https:\/\/www.avselectronics.com\/de\/#organization","name":"AVS Electronics","url":"https:\/\/www.avselectronics.com\/de\/","logo":{"@type":"ImageObject","inLanguage":"de","@id":"https:\/\/www.avselectronics.com\/de\/#\/schema\/logo\/image\/","url":"https:\/\/www.avselectronics.com\/wp-content\/uploads\/2025\/08\/AVS_logo.png","contentUrl":"https:\/\/www.avselectronics.com\/wp-content\/uploads\/2025\/08\/AVS_logo.png","width":381,"height":179,"caption":"AVS Electronics"},"image":{"@id":"https:\/\/www.avselectronics.com\/de\/#\/schema\/logo\/image\/"}}]}},"_links":{"self":[{"href":"https:\/\/www.avselectronics.com\/de\/wp-json\/wp\/v2\/pages\/8010","targetHints":{"allow":["GET"]}}],"collection":[{"href":"https:\/\/www.avselectronics.com\/de\/wp-json\/wp\/v2\/pages"}],"about":[{"href":"https:\/\/www.avselectronics.com\/de\/wp-json\/wp\/v2\/types\/page"}],"author":[{"embeddable":true,"href":"https:\/\/www.avselectronics.com\/de\/wp-json\/wp\/v2\/users\/1"}],"replies":[{"embeddable":true,"href":"https:\/\/www.avselectronics.com\/de\/wp-json\/wp\/v2\/comments?post=8010"}],"version-history":[{"count":4,"href":"https:\/\/www.avselectronics.com\/de\/wp-json\/wp\/v2\/pages\/8010\/revisions"}],"predecessor-version":[{"id":10081,"href":"https:\/\/www.avselectronics.com\/de\/wp-json\/wp\/v2\/pages\/8010\/revisions\/10081"}],"up":[{"embeddable":true,"href":"https:\/\/www.avselectronics.com\/de\/wp-json\/wp\/v2\/pages\/8094"}],"wp:featuredmedia":[{"embeddable":true,"href":"https:\/\/www.avselectronics.com\/de\/wp-json\/wp\/v2\/media\/1302"}],"wp:attachment":[{"href":"https:\/\/www.avselectronics.com\/de\/wp-json\/wp\/v2\/media?parent=8010"}],"curies":[{"name":"wp","href":"https:\/\/api.w.org\/{rel}","templated":true}]}}